{"id":1214,"date":"2016-11-23T14:33:15","date_gmt":"2016-11-23T14:33:15","guid":{"rendered":"https:\/\/www.elbamarinavip.it\/home\/"},"modified":"2025-11-20T10:58:41","modified_gmt":"2025-11-20T09:58:41","slug":"home","status":"publish","type":"page","link":"https:\/\/www.elbamarinavip.it\/de\/","title":{"rendered":"Home"},"content":{"rendered":"<div class=\"wpb-content-wrapper\"><p>[vc_row row_padding_top=&#8220;padding_top_1-4&#8243; row_padding_bottom=&#8220;padding_bottom_1-4&#8243;][vc_column width=&#8220;5\/6&#8243; boxed=&#8220;boxed&#8220; offset=&#8220;vc_col-sm-offset-1&#8243;]<div class=\"heading_group_sc wpb_content_element subtitle_bottom    text-center\">\n        <div class=\"background_title\">WELCOME<\/div>\n\n\n    <h2>ELBA MARINA VIP<\/h2>\n\n\n        <span class=\"subtitle\">Residence mit jedem Komfort<\/span>\n\n        <div class=\"svg_divider\"><img decoding=\"async\" src=\"https:\/\/www.elbamarinavip.it\/wp-content\/themes\/hotel-xenia\/templates\/shortcodes\/divider.png\"><\/div>\n<\/div>[vc_column_text]<\/p>\n<h4 style=\"text-align: center;\">FERIENWOHNUNGEN AUF DER INSEL ELBA<\/h4>\n<p style=\"text-align: center;\">Die Marina Vip hat alle Eigenschaften einer Residence mit jedem Komfort, die aber nur von wenigen G\u00e4sten genossen werden kann; auf diese Weise steht der Kunde richtig im Zentrum unserer Aufmerksamkeit und kann zu Hause f\u00fchlen, obwohl er\/sie von der See und vom unber\u00fchrten Gr\u00fcnen umrandet ist. Der Sandstrand liegt nur 5 Minuten entfernt und dadurch wird die Marina Vip extrem bequem f\u00fcr Familiengruppen und f\u00fcr diejenigen, die das Auto nicht verwenden m\u00f6chten.<\/p>\n<p>[\/vc_column_text][\/vc_column][\/vc_row][vc_row transparent=&#8220;transparent&#8220; row_padding_top=&#8220;padding_top_none&#8220; row_padding_bottom=&#8220;padding_bottom_none&#8220; css=&#8220;.vc_custom_1543914009047{padding-bottom: 80px !important;}&#8220;][vc_column width=&#8220;1\/4&#8243;]<!-- ========================== HOVER BOX ==========================-->\n\n<div style=\"background-image: url('https:\/\/www.elbamarinavip.it\/wp-content\/uploads\/2018\/12\/banner-appartamenti.jpg')\" class=\"hoverbox wpb_content_element black_section neutralize_links stretchy_wrapper ratio_2-3  \">\n<div class=\"hoverbox_tran black_section transparent_film\"><\/div>\n\t<a href=\"https:\/\/www.elbamarinavip.it\/de\/wohnungen\/\">\n\t\t<div class=\"hoverbox_title\">\n\t\t\t<h2>WOHNUNGEN<\/h2>\n\t\t<\/div>\n\t\t<div class=\"hoverbox_paragraph\">\n\t\t\t<p>Die Residence Marina Vip verf\u00fcgt \u00fcber drei Wohneinheiten: Villetta Marina, Villino Sveva und Wohnung Jacopo.<\/p>\n\t\t<\/div>\n\t<\/a>\t\n<\/div>\n\n<!-- END======================= HOVER BOX ==========================-->[\/vc_column][vc_column width=&#8220;1\/4&#8243;]<!-- ========================== HOVER BOX ==========================-->\n\n<div style=\"background-image: url('https:\/\/www.elbamarinavip.it\/wp-content\/uploads\/2019\/11\/banner-servizi.jpg')\" class=\"hoverbox wpb_content_element black_section neutralize_links stretchy_wrapper ratio_2-3  \">\n<div class=\"hoverbox_tran black_section transparent_film\"><\/div>\n\t<a href=\"https:\/\/www.elbamarinavip.it\/de\/dienstleistungen\/\">\n\t\t<div class=\"hoverbox_title\">\n\t\t\t<h2>DIENSTLEISTUNGEN<\/h2>\n\t\t<\/div>\n\t\t<div class=\"hoverbox_paragraph\">\n\t\t\t<p>Alle Wohnungen verf\u00fcgen \u00fcber Klimaanlage und Au\u00dfenbereich mit Meerblick.<\/p>\n\t\t<\/div>\n\t<\/a>\t\n<\/div>\n\n<!-- END======================= HOVER BOX ==========================-->[\/vc_column][vc_column width=&#8220;1\/4&#8243;]<!-- ========================== HOVER BOX ==========================-->\n\n<div style=\"background-image: url('https:\/\/www.elbamarinavip.it\/wp-content\/uploads\/2018\/12\/banner-spiaggia.jpg')\" class=\"hoverbox wpb_content_element black_section neutralize_links stretchy_wrapper ratio_2-3  \">\n<div class=\"hoverbox_tran black_section transparent_film\"><\/div>\n\t<a href=\"https:\/\/www.elbamarinavip.it\/de\/wo-wir-sind\/\">\n\t\t<div class=\"hoverbox_title\">\n\t\t\t<h2>PROCCHIO<\/h2>\n\t\t<\/div>\n\t\t<div class=\"hoverbox_paragraph\">\n\t\t\t<p>Die kleine Burg Procchio zeichnet sich durch einen wunderbaren Strand aus und befindet sich neben der kleinen Insel von Paolina Bonaparte.<\/p>\n\t\t<\/div>\n\t<\/a>\t\n<\/div>\n\n<!-- END======================= HOVER BOX ==========================-->[\/vc_column][vc_column width=&#8220;1\/4&#8243;]<!-- ========================== HOVER BOX ==========================-->\n\n<div style=\"background-image: url('https:\/\/www.elbamarinavip.it\/wp-content\/uploads\/2025\/11\/o_seconda-tappa-gte-9.jpg')\" class=\"hoverbox wpb_content_element black_section neutralize_links stretchy_wrapper ratio_2-3  \">\n<div class=\"hoverbox_tran black_section transparent_film\"><\/div>\n\t<a href=\"https:\/\/www.elbamarinavip.it\/de\/gte\/\">\n\t\t<div class=\"hoverbox_title\">\n\t\t\t<h2>GTE<\/h2>\n\t\t<\/div>\n\t\t<div class=\"hoverbox_paragraph\">\n\t\t\t<p>Die Elba Marina Vip Apartments in Procchio haben ein spezielles Angebot f\u00fcr die <strong>GTE<\/strong>-Wanderer entwickelt.<\/p>\n\t\t<\/div>\n\t<\/a>\t\n<\/div>\n\n<!-- END======================= HOVER BOX ==========================-->[\/vc_column][\/vc_row]<\/p>\n<\/div>","protected":false},"excerpt":{"rendered":"<p>[vc_row row_padding_top=&#8220;padding_top_1-4&#8243; row_padding_bottom=&#8220;padding_bottom_1-4&#8243;][vc_column width=&#8220;5\/6&#8243; boxed=&#8220;boxed&#8220; offset=&#8220;vc_col-sm-offset-1&#8243;][vc_column_text] FERIENWOHNUNGEN AUF DER INSEL ELBA Die Marina Vip hat alle Eigenschaften einer Residence mit jedem Komfort, die aber nur von wenigen G\u00e4sten genossen werden kann; auf diese Weise steht der Kunde richtig im Zentrum unserer Aufmerksamkeit und kann zu Hause f\u00fchlen, obwohl er\/sie von der See und vom unber\u00fchrten [&hellip;]<\/p>\n","protected":false},"author":1,"featured_media":0,"parent":0,"menu_order":0,"comment_status":"closed","ping_status":"closed","template":"","meta":{"footnotes":""},"class_list":["post-1214","page","type-page","status-publish","hentry"],"yoast_head":"<!-- This site is optimized with the Yoast SEO plugin v26.4 - https:\/\/yoast.com\/wordpress\/plugins\/seo\/ -->\n<title>Home - Elba Marina VIP<\/title>\n<meta name=\"robots\" content=\"index, follow, max-snippet:-1, max-image-preview:large, max-video-preview:-1\" \/>\n<link rel=\"canonical\" href=\"https:\/\/www.elbamarinavip.it\/de\/\" \/>\n<meta property=\"og:locale\" content=\"de_DE\" \/>\n<meta property=\"og:type\" content=\"article\" \/>\n<meta property=\"og:title\" content=\"Home - Elba Marina VIP\" \/>\n<meta property=\"og:description\" content=\"[vc_row row_padding_top=&#8220;padding_top_1-4&#8243; row_padding_bottom=&#8220;padding_bottom_1-4&#8243;][vc_column width=&#8220;5\/6&#8243; boxed=&#8220;boxed&#8220; offset=&#8220;vc_col-sm-offset-1&#8243;][vc_column_text] FERIENWOHNUNGEN AUF DER INSEL ELBA Die Marina Vip hat alle Eigenschaften einer Residence mit jedem Komfort, die aber nur von wenigen G\u00e4sten genossen werden kann; auf diese Weise steht der Kunde richtig im Zentrum unserer Aufmerksamkeit und kann zu Hause f\u00fchlen, obwohl er\/sie von der See und vom unber\u00fchrten [&hellip;]\" \/>\n<meta property=\"og:url\" content=\"https:\/\/www.elbamarinavip.it\/de\/\" \/>\n<meta property=\"og:site_name\" content=\"Elba Marina VIP\" \/>\n<meta property=\"article:modified_time\" content=\"2025-11-20T09:58:41+00:00\" \/>\n<meta name=\"twitter:card\" content=\"summary_large_image\" \/>\n<meta name=\"twitter:label1\" content=\"Gesch\u00e4tzte Lesezeit\" \/>\n\t<meta name=\"twitter:data1\" content=\"2\u00a0Minuten\" \/>\n<script type=\"application\/ld+json\" class=\"yoast-schema-graph\">{\"@context\":\"https:\/\/schema.org\",\"@graph\":[{\"@type\":\"WebPage\",\"@id\":\"https:\/\/www.elbamarinavip.it\/de\/\",\"url\":\"https:\/\/www.elbamarinavip.it\/de\/\",\"name\":\"Home - Elba Marina VIP\",\"isPartOf\":{\"@id\":\"https:\/\/www.elbamarinavip.it\/#website\"},\"datePublished\":\"2016-11-23T14:33:15+00:00\",\"dateModified\":\"2025-11-20T09:58:41+00:00\",\"breadcrumb\":{\"@id\":\"https:\/\/www.elbamarinavip.it\/de\/#breadcrumb\"},\"inLanguage\":\"de\",\"potentialAction\":[{\"@type\":\"ReadAction\",\"target\":[\"https:\/\/www.elbamarinavip.it\/de\/\"]}]},{\"@type\":\"BreadcrumbList\",\"@id\":\"https:\/\/www.elbamarinavip.it\/de\/#breadcrumb\",\"itemListElement\":[{\"@type\":\"ListItem\",\"position\":1,\"name\":\"Home\",\"item\":\"https:\/\/www.elbamarinavip.it\/de\/\"},{\"@type\":\"ListItem\",\"position\":2,\"name\":\"Home\"}]},{\"@type\":\"WebSite\",\"@id\":\"https:\/\/www.elbamarinavip.it\/#website\",\"url\":\"https:\/\/www.elbamarinavip.it\/\",\"name\":\"Elba Marina VIP\",\"description\":\"Appartamenti per vacanze a Procchio, Isola d&#039;Elba\",\"publisher\":{\"@id\":\"https:\/\/www.elbamarinavip.it\/#organization\"},\"potentialAction\":[{\"@type\":\"SearchAction\",\"target\":{\"@type\":\"EntryPoint\",\"urlTemplate\":\"https:\/\/www.elbamarinavip.it\/?s={search_term_string}\"},\"query-input\":{\"@type\":\"PropertyValueSpecification\",\"valueRequired\":true,\"valueName\":\"search_term_string\"}}],\"inLanguage\":\"de\"},{\"@type\":\"Organization\",\"@id\":\"https:\/\/www.elbamarinavip.it\/#organization\",\"name\":\"Elba Marina VIP\",\"url\":\"https:\/\/www.elbamarinavip.it\/\",\"logo\":{\"@type\":\"ImageObject\",\"inLanguage\":\"de\",\"@id\":\"https:\/\/www.elbamarinavip.it\/#\/schema\/logo\/image\/\",\"url\":\"https:\/\/www.elbamarinavip.it\/wp-content\/uploads\/2024\/04\/DSC01619-1920.jpg\",\"contentUrl\":\"https:\/\/www.elbamarinavip.it\/wp-content\/uploads\/2024\/04\/DSC01619-1920.jpg\",\"width\":1920,\"height\":1280,\"caption\":\"Elba Marina VIP\"},\"image\":{\"@id\":\"https:\/\/www.elbamarinavip.it\/#\/schema\/logo\/image\/\"}}]}<\/script>\n<!-- \/ Yoast SEO plugin. -->","yoast_head_json":{"title":"Home - Elba Marina VIP","robots":{"index":"index","follow":"follow","max-snippet":"max-snippet:-1","max-image-preview":"max-image-preview:large","max-video-preview":"max-video-preview:-1"},"canonical":"https:\/\/www.elbamarinavip.it\/de\/","og_locale":"de_DE","og_type":"article","og_title":"Home - Elba Marina VIP","og_description":"[vc_row row_padding_top=&#8220;padding_top_1-4&#8243; row_padding_bottom=&#8220;padding_bottom_1-4&#8243;][vc_column width=&#8220;5\/6&#8243; boxed=&#8220;boxed&#8220; offset=&#8220;vc_col-sm-offset-1&#8243;][vc_column_text] FERIENWOHNUNGEN AUF DER INSEL ELBA Die Marina Vip hat alle Eigenschaften einer Residence mit jedem Komfort, die aber nur von wenigen G\u00e4sten genossen werden kann; auf diese Weise steht der Kunde richtig im Zentrum unserer Aufmerksamkeit und kann zu Hause f\u00fchlen, obwohl er\/sie von der See und vom unber\u00fchrten [&hellip;]","og_url":"https:\/\/www.elbamarinavip.it\/de\/","og_site_name":"Elba Marina VIP","article_modified_time":"2025-11-20T09:58:41+00:00","twitter_card":"summary_large_image","twitter_misc":{"Gesch\u00e4tzte Lesezeit":"2\u00a0Minuten"},"schema":{"@context":"https:\/\/schema.org","@graph":[{"@type":"WebPage","@id":"https:\/\/www.elbamarinavip.it\/de\/","url":"https:\/\/www.elbamarinavip.it\/de\/","name":"Home - Elba Marina VIP","isPartOf":{"@id":"https:\/\/www.elbamarinavip.it\/#website"},"datePublished":"2016-11-23T14:33:15+00:00","dateModified":"2025-11-20T09:58:41+00:00","breadcrumb":{"@id":"https:\/\/www.elbamarinavip.it\/de\/#breadcrumb"},"inLanguage":"de","potentialAction":[{"@type":"ReadAction","target":["https:\/\/www.elbamarinavip.it\/de\/"]}]},{"@type":"BreadcrumbList","@id":"https:\/\/www.elbamarinavip.it\/de\/#breadcrumb","itemListElement":[{"@type":"ListItem","position":1,"name":"Home","item":"https:\/\/www.elbamarinavip.it\/de\/"},{"@type":"ListItem","position":2,"name":"Home"}]},{"@type":"WebSite","@id":"https:\/\/www.elbamarinavip.it\/#website","url":"https:\/\/www.elbamarinavip.it\/","name":"Elba Marina VIP","description":"Appartamenti per vacanze a Procchio, Isola d&#039;Elba","publisher":{"@id":"https:\/\/www.elbamarinavip.it\/#organization"},"potentialAction":[{"@type":"SearchAction","target":{"@type":"EntryPoint","urlTemplate":"https:\/\/www.elbamarinavip.it\/?s={search_term_string}"},"query-input":{"@type":"PropertyValueSpecification","valueRequired":true,"valueName":"search_term_string"}}],"inLanguage":"de"},{"@type":"Organization","@id":"https:\/\/www.elbamarinavip.it\/#organization","name":"Elba Marina VIP","url":"https:\/\/www.elbamarinavip.it\/","logo":{"@type":"ImageObject","inLanguage":"de","@id":"https:\/\/www.elbamarinavip.it\/#\/schema\/logo\/image\/","url":"https:\/\/www.elbamarinavip.it\/wp-content\/uploads\/2024\/04\/DSC01619-1920.jpg","contentUrl":"https:\/\/www.elbamarinavip.it\/wp-content\/uploads\/2024\/04\/DSC01619-1920.jpg","width":1920,"height":1280,"caption":"Elba Marina VIP"},"image":{"@id":"https:\/\/www.elbamarinavip.it\/#\/schema\/logo\/image\/"}}]}},"_links":{"self":[{"href":"https:\/\/www.elbamarinavip.it\/de\/wp-json\/wp\/v2\/pages\/1214","targetHints":{"allow":["GET"]}}],"collection":[{"href":"https:\/\/www.elbamarinavip.it\/de\/wp-json\/wp\/v2\/pages"}],"about":[{"href":"https:\/\/www.elbamarinavip.it\/de\/wp-json\/wp\/v2\/types\/page"}],"author":[{"embeddable":true,"href":"https:\/\/www.elbamarinavip.it\/de\/wp-json\/wp\/v2\/users\/1"}],"replies":[{"embeddable":true,"href":"https:\/\/www.elbamarinavip.it\/de\/wp-json\/wp\/v2\/comments?post=1214"}],"version-history":[{"count":5,"href":"https:\/\/www.elbamarinavip.it\/de\/wp-json\/wp\/v2\/pages\/1214\/revisions"}],"predecessor-version":[{"id":1793,"href":"https:\/\/www.elbamarinavip.it\/de\/wp-json\/wp\/v2\/pages\/1214\/revisions\/1793"}],"wp:attachment":[{"href":"https:\/\/www.elbamarinavip.it\/de\/wp-json\/wp\/v2\/media?parent=1214"}],"curies":[{"name":"wp","href":"https:\/\/api.w.org\/{rel}","templated":true}]}}