{"id":1218,"date":"2016-11-24T18:09:31","date_gmt":"2016-11-24T18:09:31","guid":{"rendered":"https:\/\/www.elbamarinavip.it\/servizi\/"},"modified":"2025-11-20T11:34:06","modified_gmt":"2025-11-20T10:34:06","slug":"dienstleistungen","status":"publish","type":"page","link":"https:\/\/www.elbamarinavip.it\/de\/dienstleistungen\/","title":{"rendered":"Dienstleistungen"},"content":{"rendered":"<div class=\"wpb-content-wrapper\"><p>[vc_row row_padding_bottom=&#8220;padding_bottom_none&#8220;][vc_column width=&#8220;1\/2&#8243;][vc_column_text css=&#8220;&#8220;]Die Marina VIP bietet einen Pool mit 40 Idrojets an, der von bis 6 Personen gleichzeitig verwendet werden kann. Er befindet sich im Freien, ist heizbar nach Saison, verf\u00fcgt \u00fcber privaten Parkplatz und kostenloses WLAN in allen Bereichen.<\/p>\n<p>Au\u00dferdem steht eine freie Waschmaschine im Au\u00dfen, wobei Produkte f\u00fcr alle Kunden zur Verf\u00fcgung gestellt werden.<\/p>\n<p>Konventionen und Rabatte mit Dienstleistungen in Procchio: Restaurants, Verleih, <a href=\"https:\/\/www.elbamarinavip.it\/de\/preise\/\">privater Strand konventioniert mit der Badeanlage Il Delfino<\/a>.[\/vc_column_text][\/vc_column][vc_column width=&#8220;1\/2&#8243;][vc_single_image image=&#8220;1131&#8243; img_size=&#8220;full&#8220; alignment=&#8220;center&#8220; style=&#8220;vc_box_outline&#8220; border_color=&#8220;chino&#8220;][\/vc_column][\/vc_row][vc_row gap=&#8220;20&#8243; row_padding_top=&#8220;padding_top_1-2&#8243; row_padding_bottom=&#8220;padding_bottom_none&#8220; css=&#8220;.vc_custom_1763474492673{border-bottom-width: 50px !important;}&#8220;][vc_column width=&#8220;1\/2&#8243;][vc_gallery type=&#8220;image_grid&#8220; images=&#8220;1756,1746,1648,1302,1296,1293,1476,1633,1085&#8243; css=&#8220;&#8220;][\/vc_column][vc_column width=&#8220;1\/2&#8243;][vc_column_text css=&#8220;&#8220;]<\/p>\n<h3>WHIRLPOOLS<\/h3>\n<p>Es geht um einen SPA-Bereich mit 40 Idrojets f\u00fcr bis 5\/6 Personen.<br \/>\nDie Anlage ist von 10.00 Uhr bis 20.00 Uhr offen.<\/p>\n<p>Der kleine Pool (2500 Liter) wird in den Jahreszeiten mit niedriger Temperatur (M\u00e4rz \u2013 Mai \/ Oktober \u2013 November) beheizt.<\/p>\n<p>Die Dienstleistung, die kostenlos f\u00fcr unsere G\u00e4ste ist, ist ab 8 Jahren verf\u00fcgbar.<\/p>\n<p>Der Verleih von Badem\u00e4nteln hat einen Preis von 10,00 \u20ac pro Person.[\/vc_column_text][vc_custom_heading text=&#8220;Sonstige Dienstleistungen&#8220; font_container=&#8220;tag:h4|text_align:left&#8220; css=&#8220;&#8220;]<!-- ========================== TEASER BOX ==========================-->\n\n<div class=\"teaser_box wpb_content_element same_height_col horizontal text-left      with_image \">\n\n  <div class=\"figure with_image transparent \">\n\n\n\n        \n        \n        \n         <img decoding=\"async\" src=\"https:\/\/www.elbamarinavip.it\/wp-content\/uploads\/2016\/11\/stroke-gap-car.png\" alt=\"Parkplatz\">   \n\n        \n\n\n  <\/div>\n\n\n  <div class=\"content \">\n    \n    <div class=\"hgroup textify_links\"><h4>Parkplatz<\/h4><\/div>\n\n     <div class=\"desc\"><p>Privat und kostenlos<\/p><\/div> \n\n  <\/div>\n\n<\/div>\n\n<!-- END======================= TEASER BOX ==========================--><!-- ========================== TEASER BOX ==========================-->\n\n<div class=\"teaser_box wpb_content_element same_height_col horizontal text-left      with_image \">\n\n  <div class=\"figure with_image transparent \">\n\n\n\n        \n        \n        \n         <img decoding=\"async\" src=\"https:\/\/www.elbamarinavip.it\/wp-content\/uploads\/2016\/11\/stroke-gap-phone.png\" alt=\"Lieferungen\">   \n\n        \n\n\n  <\/div>\n\n\n  <div class=\"content \">\n    \n    <div class=\"hgroup textify_links\"><h4>Lieferungen<\/h4><\/div>\n\n     <div class=\"desc\"><p>Kostenlose Lieferung von Lebensmitteln<\/p><\/div> \n\n  <\/div>\n\n<\/div>\n\n<!-- END======================= TEASER BOX ==========================--><!-- ========================== TEASER BOX ==========================-->\n\n<div class=\"teaser_box wpb_content_element same_height_col horizontal text-left      with_image \">\n\n  <div class=\"figure with_image transparent \">\n\n\n\n        \n        \n        \n         <img decoding=\"async\" src=\"https:\/\/www.elbamarinavip.it\/wp-content\/uploads\/2025\/11\/icona-gym.jpg\" alt=\"Fitnessraum\">   \n\n        \n\n\n  <\/div>\n\n\n  <div class=\"content \">\n    \n    <div class=\"hgroup textify_links\"><h4>Fitnessraum<\/h4><\/div>\n\n     <div class=\"desc\"><p>Kleiner Fitnessraum kostenlos f\u00fcr die G\u00e4ste verf\u00fcgbar<\/p><\/div> \n\n  <\/div>\n\n<\/div>\n\n<!-- END======================= TEASER BOX ==========================--><!-- ========================== TEASER BOX ==========================-->\n\n<div class=\"teaser_box wpb_content_element same_height_col horizontal text-left      with_image \">\n\n  <div class=\"figure with_image transparent \">\n\n\n\n        \n        \n        \n         <img decoding=\"async\" src=\"https:\/\/www.elbamarinavip.it\/wp-content\/uploads\/2016\/11\/stroke-gap-bike.png\" alt=\"MTB\">   \n\n        \n\n\n  <\/div>\n\n\n  <div class=\"content \">\n    \n    <div class=\"hgroup textify_links\"><h4>MTB<\/h4><\/div>\n\n     <div class=\"desc\"><p>2 kostenlose MTB-Fahrr\u00e4der und 2 E-Bikes mit M\u00fcnz-\/Pay-per-Use-System<br \/>\n<\/p><\/div> \n\n  <\/div>\n\n<\/div>\n\n<!-- END======================= TEASER BOX ==========================-->[\/vc_column][\/vc_row][vc_row][vc_column][vc_empty_space][\/vc_column][\/vc_row]<\/p>\n<\/div>","protected":false},"excerpt":{"rendered":"<p>[vc_row row_padding_bottom=&#8220;padding_bottom_none&#8220;][vc_column width=&#8220;1\/2&#8243;][vc_column_text css=&#8220;&#8220;]Die Marina VIP bietet einen Pool mit 40 Idrojets an, der von bis 6 Personen gleichzeitig verwendet werden kann. Er befindet sich im Freien, ist heizbar nach Saison, verf\u00fcgt \u00fcber privaten Parkplatz und kostenloses WLAN in allen Bereichen. Au\u00dferdem steht eine freie Waschmaschine im Au\u00dfen, wobei Produkte f\u00fcr alle Kunden zur Verf\u00fcgung [&hellip;]<\/p>\n","protected":false},"author":1,"featured_media":1075,"parent":0,"menu_order":0,"comment_status":"closed","ping_status":"closed","template":"","meta":{"footnotes":""},"class_list":["post-1218","page","type-page","status-publish","has-post-thumbnail","hentry"],"yoast_head":"<!-- This site is optimized with the Yoast SEO plugin v26.4 - https:\/\/yoast.com\/wordpress\/plugins\/seo\/ -->\n<title>Dienstleistungen - Elba Marina VIP<\/title>\n<meta name=\"robots\" content=\"index, follow, max-snippet:-1, max-image-preview:large, max-video-preview:-1\" \/>\n<link rel=\"canonical\" href=\"https:\/\/www.elbamarinavip.it\/de\/dienstleistungen\/\" \/>\n<meta property=\"og:locale\" content=\"de_DE\" \/>\n<meta property=\"og:type\" content=\"article\" \/>\n<meta property=\"og:title\" content=\"Dienstleistungen - Elba Marina VIP\" \/>\n<meta property=\"og:description\" content=\"[vc_row row_padding_bottom=&#8220;padding_bottom_none&#8220;][vc_column width=&#8220;1\/2&#8243;][vc_column_text css=&#8220;&#8220;]Die Marina VIP bietet einen Pool mit 40 Idrojets an, der von bis 6 Personen gleichzeitig verwendet werden kann. Er befindet sich im Freien, ist heizbar nach Saison, verf\u00fcgt \u00fcber privaten Parkplatz und kostenloses WLAN in allen Bereichen. Au\u00dferdem steht eine freie Waschmaschine im Au\u00dfen, wobei Produkte f\u00fcr alle Kunden zur Verf\u00fcgung [&hellip;]\" \/>\n<meta property=\"og:url\" content=\"https:\/\/www.elbamarinavip.it\/de\/dienstleistungen\/\" \/>\n<meta property=\"og:site_name\" content=\"Elba Marina VIP\" \/>\n<meta property=\"article:modified_time\" content=\"2025-11-20T10:34:06+00:00\" \/>\n<meta property=\"og:image\" content=\"https:\/\/www.elbamarinavip.it\/wp-content\/uploads\/2018\/12\/IMAG1964.jpg\" \/>\n\t<meta property=\"og:image:width\" content=\"1920\" \/>\n\t<meta property=\"og:image:height\" content=\"700\" \/>\n\t<meta property=\"og:image:type\" content=\"image\/jpeg\" \/>\n<meta name=\"twitter:card\" content=\"summary_large_image\" \/>\n<meta name=\"twitter:label1\" content=\"Gesch\u00e4tzte Lesezeit\" \/>\n\t<meta name=\"twitter:data1\" content=\"3\u00a0Minuten\" \/>\n<script type=\"application\/ld+json\" class=\"yoast-schema-graph\">{\"@context\":\"https:\/\/schema.org\",\"@graph\":[{\"@type\":\"WebPage\",\"@id\":\"https:\/\/www.elbamarinavip.it\/de\/dienstleistungen\/\",\"url\":\"https:\/\/www.elbamarinavip.it\/de\/dienstleistungen\/\",\"name\":\"Dienstleistungen - Elba Marina VIP\",\"isPartOf\":{\"@id\":\"https:\/\/www.elbamarinavip.it\/#website\"},\"primaryImageOfPage\":{\"@id\":\"https:\/\/www.elbamarinavip.it\/de\/dienstleistungen\/#primaryimage\"},\"image\":{\"@id\":\"https:\/\/www.elbamarinavip.it\/de\/dienstleistungen\/#primaryimage\"},\"thumbnailUrl\":\"https:\/\/www.elbamarinavip.it\/wp-content\/uploads\/2018\/12\/IMAG1964.jpg\",\"datePublished\":\"2016-11-24T18:09:31+00:00\",\"dateModified\":\"2025-11-20T10:34:06+00:00\",\"breadcrumb\":{\"@id\":\"https:\/\/www.elbamarinavip.it\/de\/dienstleistungen\/#breadcrumb\"},\"inLanguage\":\"de\",\"potentialAction\":[{\"@type\":\"ReadAction\",\"target\":[\"https:\/\/www.elbamarinavip.it\/de\/dienstleistungen\/\"]}]},{\"@type\":\"ImageObject\",\"inLanguage\":\"de\",\"@id\":\"https:\/\/www.elbamarinavip.it\/de\/dienstleistungen\/#primaryimage\",\"url\":\"https:\/\/www.elbamarinavip.it\/wp-content\/uploads\/2018\/12\/IMAG1964.jpg\",\"contentUrl\":\"https:\/\/www.elbamarinavip.it\/wp-content\/uploads\/2018\/12\/IMAG1964.jpg\",\"width\":1920,\"height\":700},{\"@type\":\"BreadcrumbList\",\"@id\":\"https:\/\/www.elbamarinavip.it\/de\/dienstleistungen\/#breadcrumb\",\"itemListElement\":[{\"@type\":\"ListItem\",\"position\":1,\"name\":\"Home\",\"item\":\"https:\/\/www.elbamarinavip.it\/de\/\"},{\"@type\":\"ListItem\",\"position\":2,\"name\":\"Dienstleistungen\"}]},{\"@type\":\"WebSite\",\"@id\":\"https:\/\/www.elbamarinavip.it\/#website\",\"url\":\"https:\/\/www.elbamarinavip.it\/\",\"name\":\"Elba Marina VIP\",\"description\":\"Appartamenti per vacanze a Procchio, Isola d&#039;Elba\",\"publisher\":{\"@id\":\"https:\/\/www.elbamarinavip.it\/#organization\"},\"potentialAction\":[{\"@type\":\"SearchAction\",\"target\":{\"@type\":\"EntryPoint\",\"urlTemplate\":\"https:\/\/www.elbamarinavip.it\/?s={search_term_string}\"},\"query-input\":{\"@type\":\"PropertyValueSpecification\",\"valueRequired\":true,\"valueName\":\"search_term_string\"}}],\"inLanguage\":\"de\"},{\"@type\":\"Organization\",\"@id\":\"https:\/\/www.elbamarinavip.it\/#organization\",\"name\":\"Elba Marina VIP\",\"url\":\"https:\/\/www.elbamarinavip.it\/\",\"logo\":{\"@type\":\"ImageObject\",\"inLanguage\":\"de\",\"@id\":\"https:\/\/www.elbamarinavip.it\/#\/schema\/logo\/image\/\",\"url\":\"https:\/\/www.elbamarinavip.it\/wp-content\/uploads\/2024\/04\/DSC01619-1920.jpg\",\"contentUrl\":\"https:\/\/www.elbamarinavip.it\/wp-content\/uploads\/2024\/04\/DSC01619-1920.jpg\",\"width\":1920,\"height\":1280,\"caption\":\"Elba Marina VIP\"},\"image\":{\"@id\":\"https:\/\/www.elbamarinavip.it\/#\/schema\/logo\/image\/\"}}]}<\/script>\n<!-- \/ Yoast SEO plugin. -->","yoast_head_json":{"title":"Dienstleistungen - Elba Marina VIP","robots":{"index":"index","follow":"follow","max-snippet":"max-snippet:-1","max-image-preview":"max-image-preview:large","max-video-preview":"max-video-preview:-1"},"canonical":"https:\/\/www.elbamarinavip.it\/de\/dienstleistungen\/","og_locale":"de_DE","og_type":"article","og_title":"Dienstleistungen - Elba Marina VIP","og_description":"[vc_row row_padding_bottom=&#8220;padding_bottom_none&#8220;][vc_column width=&#8220;1\/2&#8243;][vc_column_text css=&#8220;&#8220;]Die Marina VIP bietet einen Pool mit 40 Idrojets an, der von bis 6 Personen gleichzeitig verwendet werden kann. Er befindet sich im Freien, ist heizbar nach Saison, verf\u00fcgt \u00fcber privaten Parkplatz und kostenloses WLAN in allen Bereichen. Au\u00dferdem steht eine freie Waschmaschine im Au\u00dfen, wobei Produkte f\u00fcr alle Kunden zur Verf\u00fcgung [&hellip;]","og_url":"https:\/\/www.elbamarinavip.it\/de\/dienstleistungen\/","og_site_name":"Elba Marina VIP","article_modified_time":"2025-11-20T10:34:06+00:00","og_image":[{"width":1920,"height":700,"url":"https:\/\/www.elbamarinavip.it\/wp-content\/uploads\/2018\/12\/IMAG1964.jpg","type":"image\/jpeg"}],"twitter_card":"summary_large_image","twitter_misc":{"Gesch\u00e4tzte Lesezeit":"3\u00a0Minuten"},"schema":{"@context":"https:\/\/schema.org","@graph":[{"@type":"WebPage","@id":"https:\/\/www.elbamarinavip.it\/de\/dienstleistungen\/","url":"https:\/\/www.elbamarinavip.it\/de\/dienstleistungen\/","name":"Dienstleistungen - Elba Marina VIP","isPartOf":{"@id":"https:\/\/www.elbamarinavip.it\/#website"},"primaryImageOfPage":{"@id":"https:\/\/www.elbamarinavip.it\/de\/dienstleistungen\/#primaryimage"},"image":{"@id":"https:\/\/www.elbamarinavip.it\/de\/dienstleistungen\/#primaryimage"},"thumbnailUrl":"https:\/\/www.elbamarinavip.it\/wp-content\/uploads\/2018\/12\/IMAG1964.jpg","datePublished":"2016-11-24T18:09:31+00:00","dateModified":"2025-11-20T10:34:06+00:00","breadcrumb":{"@id":"https:\/\/www.elbamarinavip.it\/de\/dienstleistungen\/#breadcrumb"},"inLanguage":"de","potentialAction":[{"@type":"ReadAction","target":["https:\/\/www.elbamarinavip.it\/de\/dienstleistungen\/"]}]},{"@type":"ImageObject","inLanguage":"de","@id":"https:\/\/www.elbamarinavip.it\/de\/dienstleistungen\/#primaryimage","url":"https:\/\/www.elbamarinavip.it\/wp-content\/uploads\/2018\/12\/IMAG1964.jpg","contentUrl":"https:\/\/www.elbamarinavip.it\/wp-content\/uploads\/2018\/12\/IMAG1964.jpg","width":1920,"height":700},{"@type":"BreadcrumbList","@id":"https:\/\/www.elbamarinavip.it\/de\/dienstleistungen\/#breadcrumb","itemListElement":[{"@type":"ListItem","position":1,"name":"Home","item":"https:\/\/www.elbamarinavip.it\/de\/"},{"@type":"ListItem","position":2,"name":"Dienstleistungen"}]},{"@type":"WebSite","@id":"https:\/\/www.elbamarinavip.it\/#website","url":"https:\/\/www.elbamarinavip.it\/","name":"Elba Marina VIP","description":"Appartamenti per vacanze a Procchio, Isola d&#039;Elba","publisher":{"@id":"https:\/\/www.elbamarinavip.it\/#organization"},"potentialAction":[{"@type":"SearchAction","target":{"@type":"EntryPoint","urlTemplate":"https:\/\/www.elbamarinavip.it\/?s={search_term_string}"},"query-input":{"@type":"PropertyValueSpecification","valueRequired":true,"valueName":"search_term_string"}}],"inLanguage":"de"},{"@type":"Organization","@id":"https:\/\/www.elbamarinavip.it\/#organization","name":"Elba Marina VIP","url":"https:\/\/www.elbamarinavip.it\/","logo":{"@type":"ImageObject","inLanguage":"de","@id":"https:\/\/www.elbamarinavip.it\/#\/schema\/logo\/image\/","url":"https:\/\/www.elbamarinavip.it\/wp-content\/uploads\/2024\/04\/DSC01619-1920.jpg","contentUrl":"https:\/\/www.elbamarinavip.it\/wp-content\/uploads\/2024\/04\/DSC01619-1920.jpg","width":1920,"height":1280,"caption":"Elba Marina VIP"},"image":{"@id":"https:\/\/www.elbamarinavip.it\/#\/schema\/logo\/image\/"}}]}},"_links":{"self":[{"href":"https:\/\/www.elbamarinavip.it\/de\/wp-json\/wp\/v2\/pages\/1218","targetHints":{"allow":["GET"]}}],"collection":[{"href":"https:\/\/www.elbamarinavip.it\/de\/wp-json\/wp\/v2\/pages"}],"about":[{"href":"https:\/\/www.elbamarinavip.it\/de\/wp-json\/wp\/v2\/types\/page"}],"author":[{"embeddable":true,"href":"https:\/\/www.elbamarinavip.it\/de\/wp-json\/wp\/v2\/users\/1"}],"replies":[{"embeddable":true,"href":"https:\/\/www.elbamarinavip.it\/de\/wp-json\/wp\/v2\/comments?post=1218"}],"version-history":[{"count":12,"href":"https:\/\/www.elbamarinavip.it\/de\/wp-json\/wp\/v2\/pages\/1218\/revisions"}],"predecessor-version":[{"id":1817,"href":"https:\/\/www.elbamarinavip.it\/de\/wp-json\/wp\/v2\/pages\/1218\/revisions\/1817"}],"wp:featuredmedia":[{"embeddable":true,"href":"https:\/\/www.elbamarinavip.it\/de\/wp-json\/wp\/v2\/media\/1075"}],"wp:attachment":[{"href":"https:\/\/www.elbamarinavip.it\/de\/wp-json\/wp\/v2\/media?parent=1218"}],"curies":[{"name":"wp","href":"https:\/\/api.w.org\/{rel}","templated":true}]}}